{"id":16,"date":"2015-10-22T17:41:09","date_gmt":"2015-10-22T15:41:09","guid":{"rendered":"http:\/\/ideecon.com\/community\/fragen"},"modified":"2018-03-01T02:27:29","modified_gmt":"2018-03-01T01:27:29","slug":"fragen","status":"publish","type":"page","link":"https:\/\/ideecon.com\/community\/","title":{"rendered":"Fragen &#038; Antworten"},"content":{"rendered":"<div class=\"dwqa-container\" ><div class=\"dwqa-questions-archive\"><form id=\"dwqa-search\" class=\"dwqa-search\"><input data-nonce=\"73f6ccd70a\" type=\"text\" placeholder=\"Was m\u00f6chtest Du wissen?\" name=\"qs\" value=\"\"><\/form><div class=\"dwqa-question-filter\"><span>Filter:<\/span><a href=\"\/community\/wp-json\/wp\/v2\/pages\/16?filter=all\" class=\"all active\">Alle<\/a><a href=\"\/community\/wp-json\/wp\/v2\/pages\/16?filter=open\" class=\"open \">Offen<\/a><a href=\"\/community\/wp-json\/wp\/v2\/pages\/16?filter=resolved\" class=\"resolved \">Gel\u00f6st<\/a><a href=\"\/community\/wp-json\/wp\/v2\/pages\/16?filter=closed\" class=\"closed \">Geschlossen<\/a><a href=\"\/community\/wp-json\/wp\/v2\/pages\/16?filter=unanswered\" class=\"unanswered \">Unbeantwortet<\/a><select id=\"dwqa-sort-by\" class=\"dwqa-sort-by\" onchange=\"this.options[this.selectedIndex].value && (window.location = this.options[this.selectedIndex].value);\"><option selected disabled>Sortieren nach<\/option><option value=\"\/community\/wp-json\/wp\/v2\/pages\/16?sort=views\">Aufrufe<\/option><option value=\"\/community\/wp-json\/wp\/v2\/pages\/16?sort=answers\">Antworten<\/option><option value=\"\/community\/wp-json\/wp\/v2\/pages\/16?sort=votes\">Votes<\/option><\/select><\/div><div class=\"dwqa-questions-list \"><div class=\"dwqa-question-item dwqa-status-answered\"><header class=\"dwqa-question-title\"><a href=\"https:\/\/ideecon.com\/community\/frage\/wie-kann-man-bei-fifa-15-in-der-karriere-spieler-bearbeiten\/\">Wie kann man bei FIFA 15 in der Karriere Spieler bearbeiten?<\/a><\/header><div class=\"dwqa-question-meta\"><span title=\"Beantwortet\" class=\"dwqa-status dwqa-status-answered\">Beantwortet<\/span><span><a href=\"#\"><img alt='' src='https:\/\/secure.gravatar.com\/avatar\/17dceaab6befb729401d1a86d8779c8a?s=48&#038;d=mm&#038;r=g' srcset='https:\/\/secure.gravatar.com\/avatar\/17dceaab6befb729401d1a86d8779c8a?s=96&#038;d=mm&#038;r=g 2x' class='avatar avatar-48 photo' height='48' width='48' loading='lazy'\/>JeromeMek<\/a> antwortete vor 56\u00a0Jahren ago<\/span><span class=\"dwqa-question-category\"><span class=\"dwqa-sep\">&nbsp;&bull;&nbsp;<\/span><a href=\"https:\/\/ideecon.com\/community\/kategorie\/sportspiele\/\" rel=\"tag\">Sportspiele<\/a><\/span><\/div><div class=\"dwqa-question-stats\"><span class=\"dwqa-views-count\"><strong>12533<\/strong> Aufrufe<\/span><span class=\"dwqa-answers-count\"><strong>0<\/strong> Antworten<\/span><span class=\"dwqa-votes-count\"><strong>0<\/strong> votes<\/span><\/div><\/div><div class=\"dwqa-question-item dwqa-status-answered\"><header class=\"dwqa-question-title\"><a href=\"https:\/\/ideecon.com\/community\/frage\/fifa-15-ultimate-team-fut-sicherheitsfrage-funktioniert-nicht\/\">FIFA 15 Ultimate Team (FUT) Sicherheitsfrage funktioniert nicht?<\/a><\/header><div class=\"dwqa-question-meta\"><span title=\"Beantwortet\" class=\"dwqa-status dwqa-status-answered\">Beantwortet<\/span><span><a href=\"#\"><img alt='' src='https:\/\/secure.gravatar.com\/avatar\/fc037d94494a5c55602c1fd8140d2427?s=48&#038;d=mm&#038;r=g' srcset='https:\/\/secure.gravatar.com\/avatar\/fc037d94494a5c55602c1fd8140d2427?s=96&#038;d=mm&#038;r=g 2x' class='avatar avatar-48 photo' height='48' width='48' loading='lazy'\/>Rc Pro Antium<\/a> antwortete vor 56\u00a0Jahren ago<\/span><span class=\"dwqa-question-category\"><span class=\"dwqa-sep\">&nbsp;&bull;&nbsp;<\/span><a href=\"https:\/\/ideecon.com\/community\/kategorie\/sportspiele\/\" rel=\"tag\">Sportspiele<\/a><\/span><\/div><div class=\"dwqa-question-stats\"><span class=\"dwqa-views-count\"><strong>3839<\/strong> Aufrufe<\/span><span class=\"dwqa-answers-count\"><strong>0<\/strong> Antworten<\/span><span class=\"dwqa-votes-count\"><strong>0<\/strong> votes<\/span><\/div><\/div><div class=\"dwqa-question-item dwqa-status-answered\"><header class=\"dwqa-question-title\"><a href=\"https:\/\/ideecon.com\/community\/frage\/frozen-free-fall-2\/\">Frozen Free Fall<\/a><\/header><div class=\"dwqa-question-meta\"><span title=\"Beantwortet\" class=\"dwqa-status dwqa-status-answered\">Beantwortet<\/span><span><a href=\"#\"><img alt='' src='https:\/\/secure.gravatar.com\/avatar\/4431208516a61c6bdbe19a790e586153?s=48&#038;d=mm&#038;r=g' srcset='https:\/\/secure.gravatar.com\/avatar\/4431208516a61c6bdbe19a790e586153?s=96&#038;d=mm&#038;r=g 2x' class='avatar avatar-48 photo' height='48' width='48' loading='lazy'\/>deskww<\/a> antwortete vor 56\u00a0Jahren ago<\/span><span class=\"dwqa-question-category\"><span class=\"dwqa-sep\">&nbsp;&bull;&nbsp;<\/span><a href=\"https:\/\/ideecon.com\/community\/kategorie\/apps\/\" rel=\"tag\">Apps<\/a><\/span><\/div><div class=\"dwqa-question-stats\"><span class=\"dwqa-views-count\"><strong>1148<\/strong> Aufrufe<\/span><span class=\"dwqa-answers-count\"><strong>0<\/strong> Antworten<\/span><span class=\"dwqa-votes-count\"><strong>0<\/strong> votes<\/span><\/div><\/div><div class=\"dwqa-question-item dwqa-status-answered\"><header class=\"dwqa-question-title\"><a href=\"https:\/\/ideecon.com\/community\/frage\/wie-viel-ram-maximal\/\">Wie viel RAM maximal?<\/a><\/header><div class=\"dwqa-question-meta\"><span title=\"Beantwortet\" class=\"dwqa-status dwqa-status-answered\">Beantwortet<\/span><span><a href=\"#\"><img alt='' src='https:\/\/secure.gravatar.com\/avatar\/84db4c097dd229acf27e3a16abc93bbc?s=48&#038;d=mm&#038;r=g' srcset='https:\/\/secure.gravatar.com\/avatar\/84db4c097dd229acf27e3a16abc93bbc?s=96&#038;d=mm&#038;r=g 2x' class='avatar avatar-48 photo' height='48' width='48' loading='lazy'\/>sidfatima<\/a> antwortete vor 56\u00a0Jahren ago<\/span><span class=\"dwqa-question-category\"><span class=\"dwqa-sep\">&nbsp;&bull;&nbsp;<\/span><a href=\"https:\/\/ideecon.com\/community\/kategorie\/internet\/\" rel=\"tag\">Internet<\/a><\/span><\/div><div class=\"dwqa-question-stats\"><span class=\"dwqa-views-count\"><strong>2422<\/strong> Aufrufe<\/span><span class=\"dwqa-answers-count\"><strong>0<\/strong> Antworten<\/span><span class=\"dwqa-votes-count\"><strong>0<\/strong> votes<\/span><\/div><\/div><div class=\"dwqa-question-item dwqa-status-answered\"><header class=\"dwqa-question-title\"><a href=\"https:\/\/ideecon.com\/community\/frage\/urheberrechte\/\">Urheberrechte<\/a><\/header><div class=\"dwqa-question-meta\"><span title=\"Beantwortet\" class=\"dwqa-status dwqa-status-answered\">Beantwortet<\/span><span><a href=\"#\"><img alt='' src='https:\/\/secure.gravatar.com\/avatar\/cc546a909e5eeb9cb244a0efe79b71a6?s=48&#038;d=mm&#038;r=g' srcset='https:\/\/secure.gravatar.com\/avatar\/cc546a909e5eeb9cb244a0efe79b71a6?s=96&#038;d=mm&#038;r=g 2x' class='avatar avatar-48 photo' height='48' width='48' loading='lazy'\/>Stone Crusher<\/a> antwortete vor 56\u00a0Jahren ago<\/span><span class=\"dwqa-question-category\"><span class=\"dwqa-sep\">&nbsp;&bull;&nbsp;<\/span><a href=\"https:\/\/ideecon.com\/community\/kategorie\/musik-audio\/\" rel=\"tag\">Musik &amp; Audio<\/a><\/span><\/div><div class=\"dwqa-question-stats\"><span class=\"dwqa-views-count\"><strong>2536<\/strong> Aufrufe<\/span><span class=\"dwqa-answers-count\"><strong>0<\/strong> Antworten<\/span><span class=\"dwqa-votes-count\"><strong>0<\/strong> votes<\/span><\/div><\/div><div class=\"dwqa-question-item dwqa-status-answered\"><header class=\"dwqa-question-title\"><a href=\"https:\/\/ideecon.com\/community\/frage\/fire-tv-stick-suche-nach-update-dauert-ewig\/\">Fire TV Stick Suche nach Update dauert ewig<\/a><\/header><div class=\"dwqa-question-meta\"><span title=\"Beantwortet\" class=\"dwqa-status dwqa-status-answered\">Beantwortet<\/span><span><a href=\"#\"><img alt='' src='https:\/\/secure.gravatar.com\/avatar\/4bbd80fee5a14f2b9f4acd79c6a69b0b?s=48&#038;d=mm&#038;r=g' srcset='https:\/\/secure.gravatar.com\/avatar\/4bbd80fee5a14f2b9f4acd79c6a69b0b?s=96&#038;d=mm&#038;r=g 2x' class='avatar avatar-48 photo' height='48' width='48' loading='lazy'\/>johnydep<\/a> antwortete vor 56\u00a0Jahren ago<\/span><span class=\"dwqa-question-category\"><span class=\"dwqa-sep\">&nbsp;&bull;&nbsp;<\/span><a href=\"https:\/\/ideecon.com\/community\/kategorie\/medien-videos\/\" rel=\"tag\">Medien &amp; Videos<\/a><\/span><\/div><div class=\"dwqa-question-stats\"><span class=\"dwqa-views-count\"><strong>8519<\/strong> Aufrufe<\/span><span class=\"dwqa-answers-count\"><strong>1<\/strong> Antworten<\/span><span class=\"dwqa-votes-count\"><strong>-8<\/strong> votes<\/span><\/div><\/div><div class=\"dwqa-question-item dwqa-status-open\"><header class=\"dwqa-question-title\"><a href=\"https:\/\/ideecon.com\/community\/frage\/musikurheberrechte\/\">Musikurheberrechte<\/a><\/header><div class=\"dwqa-question-meta\"><span title=\"Offen\" class=\"dwqa-status dwqa-status-open\">Offen<\/span><span><a href=\"#\"><img alt='' src='https:\/\/secure.gravatar.com\/avatar\/833bebfd32df4a573b3a9b0244572596?s=48&#038;d=mm&#038;r=g' srcset='https:\/\/secure.gravatar.com\/avatar\/833bebfd32df4a573b3a9b0244572596?s=96&#038;d=mm&#038;r=g 2x' class='avatar avatar-48 photo' height='48' width='48' loading='lazy'\/>Heinz Wagner<\/a> fragte 5\u00a0Jahren ago<\/span><span class=\"dwqa-question-category\"><span class=\"dwqa-sep\">&nbsp;&bull;&nbsp;<\/span><a href=\"https:\/\/ideecon.com\/community\/kategorie\/musik-audio\/\" rel=\"tag\">Musik &amp; Audio<\/a><\/span><\/div><div class=\"dwqa-question-stats\"><span class=\"dwqa-views-count\"><strong>2412<\/strong> Aufrufe<\/span><span class=\"dwqa-answers-count\"><strong>0<\/strong> Antworten<\/span><span class=\"dwqa-votes-count\"><strong>0<\/strong> votes<\/span><\/div><\/div><div class=\"dwqa-question-item dwqa-status-open\"><header class=\"dwqa-question-title\"><a href=\"https:\/\/ideecon.com\/community\/frage\/aktivitaet-konnte-nicht-geladen-werden\/\">Aktivit\u00e4t konnte nicht geladen werden<\/a><\/header><div class=\"dwqa-question-meta\"><span title=\"Offen\" class=\"dwqa-status dwqa-status-open\">Offen<\/span><span><a href=\"#\"><img alt='' src='https:\/\/secure.gravatar.com\/avatar\/ed7c0f472c888472e2302dcf67925ea4?s=48&#038;d=mm&#038;r=g' srcset='https:\/\/secure.gravatar.com\/avatar\/ed7c0f472c888472e2302dcf67925ea4?s=96&#038;d=mm&#038;r=g 2x' class='avatar avatar-48 photo' height='48' width='48' loading='lazy'\/>B\u00fcsra<\/a> fragte 5\u00a0Jahren ago<\/span><span class=\"dwqa-question-category\"><span class=\"dwqa-sep\">&nbsp;&bull;&nbsp;<\/span><a href=\"https:\/\/ideecon.com\/community\/kategorie\/iphone\/\" rel=\"tag\">iPhone<\/a><\/span><\/div><div class=\"dwqa-question-stats\"><span class=\"dwqa-views-count\"><strong>2348<\/strong> Aufrufe<\/span><span class=\"dwqa-answers-count\"><strong>0<\/strong> Antworten<\/span><span class=\"dwqa-votes-count\"><strong>0<\/strong> votes<\/span><\/div><\/div><div class=\"dwqa-question-item dwqa-status-open\"><header class=\"dwqa-question-title\"><a href=\"https:\/\/ideecon.com\/community\/frage\/instagram-kickt-mich-staendig\/\">Instagram kickt mich st\u00e4ndig<\/a><\/header><div class=\"dwqa-question-meta\"><span title=\"Offen\" class=\"dwqa-status dwqa-status-open\">Offen<\/span><span><a href=\"#\"><img alt='' src='https:\/\/secure.gravatar.com\/avatar\/694809bd0ec856fd8541d238ed838e87?s=48&#038;d=mm&#038;r=g' srcset='https:\/\/secure.gravatar.com\/avatar\/694809bd0ec856fd8541d238ed838e87?s=96&#038;d=mm&#038;r=g 2x' class='avatar avatar-48 photo' height='48' width='48' loading='lazy'\/>Liza<\/a> fragte 5\u00a0Jahren ago<\/span><span class=\"dwqa-question-category\"><span class=\"dwqa-sep\">&nbsp;&bull;&nbsp;<\/span><a href=\"https:\/\/ideecon.com\/community\/kategorie\/iphone\/\" rel=\"tag\">iPhone<\/a><\/span><\/div><div class=\"dwqa-question-stats\"><span class=\"dwqa-views-count\"><strong>2478<\/strong> Aufrufe<\/span><span class=\"dwqa-answers-count\"><strong>0<\/strong> Antworten<\/span><span class=\"dwqa-votes-count\"><strong>0<\/strong> votes<\/span><\/div><\/div><div class=\"dwqa-question-item dwqa-status-open\"><header class=\"dwqa-question-title\"><a href=\"https:\/\/ideecon.com\/community\/frage\/meine-aktivitaeten-werden-nicht-angezeigt-android\/\">Meine Aktivit\u00e4ten werden nicht angezeigt, Android<\/a><\/header><div class=\"dwqa-question-meta\"><span title=\"Offen\" class=\"dwqa-status dwqa-status-open\">Offen<\/span><span><a href=\"#\"><img alt='' src='https:\/\/secure.gravatar.com\/avatar\/164c19404a803e2e4cd36966cf3cebc5?s=48&#038;d=mm&#038;r=g' srcset='https:\/\/secure.gravatar.com\/avatar\/164c19404a803e2e4cd36966cf3cebc5?s=96&#038;d=mm&#038;r=g 2x' class='avatar avatar-48 photo' height='48' width='48' loading='lazy'\/>Jasmin<\/a> fragte 7\u00a0Jahren ago<\/span><span class=\"dwqa-question-category\"><span class=\"dwqa-sep\">&nbsp;&bull;&nbsp;<\/span><a href=\"https:\/\/ideecon.com\/community\/kategorie\/instagram\/\" rel=\"tag\">Instagram<\/a><\/span><\/div><div class=\"dwqa-question-stats\"><span class=\"dwqa-views-count\"><strong>1040<\/strong> Aufrufe<\/span><span class=\"dwqa-answers-count\"><strong>0<\/strong> Antworten<\/span><span class=\"dwqa-votes-count\"><strong>0<\/strong> votes<\/span><\/div><\/div><div class=\"dwqa-question-item dwqa-status-open\"><header class=\"dwqa-question-title\"><a href=\"https:\/\/ideecon.com\/community\/frage\/markierung-im-steckbrief-geht-nicht-mehr\/\">Markierung im Steckbrief geht nicht mehr<\/a><\/header><div class=\"dwqa-question-meta\"><span title=\"Offen\" class=\"dwqa-status dwqa-status-open\">Offen<\/span><span><a href=\"#\"><img alt='' src='https:\/\/secure.gravatar.com\/avatar\/4fff21d0bd62cc75c9fcee8782ffdd8c?s=48&#038;d=mm&#038;r=g' srcset='https:\/\/secure.gravatar.com\/avatar\/4fff21d0bd62cc75c9fcee8782ffdd8c?s=96&#038;d=mm&#038;r=g 2x' class='avatar avatar-48 photo' height='48' width='48' loading='lazy'\/>Ren\u00e9<\/a> fragte 7\u00a0Jahren ago<\/span><span class=\"dwqa-question-category\"><span class=\"dwqa-sep\">&nbsp;&bull;&nbsp;<\/span><a href=\"https:\/\/ideecon.com\/community\/kategorie\/instagram\/\" rel=\"tag\">Instagram<\/a><\/span><\/div><div class=\"dwqa-question-stats\"><span class=\"dwqa-views-count\"><strong>2618<\/strong> Aufrufe<\/span><span class=\"dwqa-answers-count\"><strong>0<\/strong> Antworten<\/span><span class=\"dwqa-votes-count\"><strong>0<\/strong> votes<\/span><\/div><\/div><div class=\"dwqa-question-item dwqa-status-open\"><header class=\"dwqa-question-title\"><a href=\"https:\/\/ideecon.com\/community\/frage\/iphone-whatsapp\/\">iphone WhatsApp<\/a><\/header><div class=\"dwqa-question-meta\"><span title=\"Offen\" class=\"dwqa-status dwqa-status-open\">Offen<\/span><span><a href=\"#\"><img alt='' src='https:\/\/secure.gravatar.com\/avatar\/c210d89620c67fe578ea55f476d277b1?s=48&#038;d=mm&#038;r=g' srcset='https:\/\/secure.gravatar.com\/avatar\/c210d89620c67fe578ea55f476d277b1?s=96&#038;d=mm&#038;r=g 2x' class='avatar avatar-48 photo' height='48' width='48' loading='lazy'\/>Marina <\/a> fragte 5\u00a0Jahren ago<\/span><span class=\"dwqa-question-category\"><span class=\"dwqa-sep\">&nbsp;&bull;&nbsp;<\/span><a href=\"https:\/\/ideecon.com\/community\/kategorie\/apps\/\" rel=\"tag\">Apps<\/a><\/span><\/div><div class=\"dwqa-question-stats\"><span class=\"dwqa-views-count\"><strong>2120<\/strong> Aufrufe<\/span><span class=\"dwqa-answers-count\"><strong>0<\/strong> Antworten<\/span><span class=\"dwqa-votes-count\"><strong>0<\/strong> votes<\/span><\/div><\/div><div class=\"dwqa-question-item dwqa-status-open\"><header class=\"dwqa-question-title\"><a href=\"https:\/\/ideecon.com\/community\/frage\/bei-instagram-chat-wie-hat-der-empfaenger-meine-erhaltene-nachrichten-geloescht\/\">Bei Instagram Chat. Wie hat der Empf\u00e4nger meine erhaltene Nachrichten gel\u00f6scht?<\/a><\/header><div class=\"dwqa-question-meta\"><span title=\"Offen\" class=\"dwqa-status dwqa-status-open\">Offen<\/span><span><a href=\"#\"><img alt='' src='https:\/\/secure.gravatar.com\/avatar\/1274fddf96dda15ad8e35d458931c7b3?s=48&#038;d=mm&#038;r=g' srcset='https:\/\/secure.gravatar.com\/avatar\/1274fddf96dda15ad8e35d458931c7b3?s=96&#038;d=mm&#038;r=g 2x' class='avatar avatar-48 photo' height='48' width='48' loading='lazy'\/>G\u00fclden<\/a> fragte 7\u00a0Jahren ago<\/span><span class=\"dwqa-question-category\"><span class=\"dwqa-sep\">&nbsp;&bull;&nbsp;<\/span><a href=\"https:\/\/ideecon.com\/community\/kategorie\/instagram\/\" rel=\"tag\">Instagram<\/a><\/span><\/div><div class=\"dwqa-question-stats\"><span class=\"dwqa-views-count\"><strong>1042<\/strong> Aufrufe<\/span><span class=\"dwqa-answers-count\"><strong>0<\/strong> Antworten<\/span><span class=\"dwqa-votes-count\"><strong>0<\/strong> votes<\/span><\/div><\/div><div class=\"dwqa-question-item dwqa-status-open\"><header class=\"dwqa-question-title\"><a href=\"https:\/\/ideecon.com\/community\/frage\/free-fall-die-eiskoenigin\/\">free fall-die eisk\u00f6nigin<\/a><\/header><div class=\"dwqa-question-meta\"><span title=\"Offen\" class=\"dwqa-status dwqa-status-open\">Offen<\/span><span><a href=\"#\"><img alt='' src='https:\/\/secure.gravatar.com\/avatar\/7a37909c0fa64d622ae5cee35559222f?s=48&#038;d=mm&#038;r=g' srcset='https:\/\/secure.gravatar.com\/avatar\/7a37909c0fa64d622ae5cee35559222f?s=96&#038;d=mm&#038;r=g 2x' class='avatar avatar-48 photo' height='48' width='48' loading='lazy'\/>sternchen<\/a> fragte 7\u00a0Jahren ago<\/span><span class=\"dwqa-question-category\"><span class=\"dwqa-sep\">&nbsp;&bull;&nbsp;<\/span><a href=\"https:\/\/ideecon.com\/community\/kategorie\/apps\/\" rel=\"tag\">Apps<\/a><\/span><\/div><div class=\"dwqa-question-stats\"><span class=\"dwqa-views-count\"><strong>2172<\/strong> Aufrufe<\/span><span class=\"dwqa-answers-count\"><strong>0<\/strong> Antworten<\/span><span class=\"dwqa-votes-count\"><strong>0<\/strong> votes<\/span><\/div><\/div><div class=\"dwqa-question-item dwqa-status-open\"><header class=\"dwqa-question-title\"><a href=\"https:\/\/ideecon.com\/community\/frage\/frozen-free-fall\/\">Frozen Free Fall<\/a><\/header><div class=\"dwqa-question-meta\"><span title=\"Offen\" class=\"dwqa-status dwqa-status-open\">Offen<\/span><span><a href=\"#\"><img alt='' src='https:\/\/secure.gravatar.com\/avatar\/9476b0de6024e608cfcb3e2250bdf0e7?s=48&#038;d=mm&#038;r=g' srcset='https:\/\/secure.gravatar.com\/avatar\/9476b0de6024e608cfcb3e2250bdf0e7?s=96&#038;d=mm&#038;r=g 2x' class='avatar avatar-48 photo' height='48' width='48' loading='lazy'\/>BieneMaja2019<\/a> fragte 7\u00a0Jahren ago<\/span><span class=\"dwqa-question-category\"><span class=\"dwqa-sep\">&nbsp;&bull;&nbsp;<\/span><a href=\"https:\/\/ideecon.com\/community\/kategorie\/android\/\" rel=\"tag\">Android<\/a><\/span><\/div><div class=\"dwqa-question-stats\"><span class=\"dwqa-views-count\"><strong>1039<\/strong> Aufrufe<\/span><span class=\"dwqa-answers-count\"><strong>0<\/strong> Antworten<\/span><span class=\"dwqa-votes-count\"><strong>0<\/strong> votes<\/span><\/div><\/div><\/div><div class=\"dwqa-questions-footer\"><div class=\"dwqa-pagination\"><span aria-dwqa-current=\"page\" class=\"dwqa-page-numbers dwqa-current\">1<\/span><a class=\"dwqa-page-numbers\" href=\"https:\/\/ideecon.com\/community\/?page=2\">2<\/a><a class=\"dwqa-page-numbers\" href=\"https:\/\/ideecon.com\/community\/?page=3\">3<\/a><span class=\"dwqa-page-numbers dwqa-dots\">&hellip;<\/span><a class=\"dwqa-page-numbers\" href=\"https:\/\/ideecon.com\/community\/?page=37\">37<\/a><a class=\"dwqa-next dwqa-page-numbers\" href=\"https:\/\/ideecon.com\/community\/?page=2\">Weiter &raquo;<\/a><\/div><div class=\"dwqa-ask-question\"><a href=\"https:\/\/ideecon.com\/community\/frage-stellen\/\">Stelle eine Frage<\/a><\/div><\/div><\/div><\/div>","protected":false},"excerpt":{"rendered":"Hallo.Wenn ich ein Level nicht geschafft habe bekomme ich die Option\"weiter mit 3 Z\u00fcgen\" Funktioniert nicht.Ich bekomme folgenden Hinweis\"Video nicht verf\u00fcgbar.Beim laden deines Videos ist ein Fehler aufgetreten.Bitte versuche es sp\u00e4ter erneut. Ich habe keine \u00c4nderungen bzw.nicht bewusst in den Einstellungen vorgenommen. Danke schon mal.","protected":false},"author":1,"featured_media":0,"parent":0,"menu_order":0,"comment_status":"closed","ping_status":"closed","template":"","meta":[],"_links":{"self":[{"href":"https:\/\/ideecon.com\/community\/wp-json\/wp\/v2\/pages\/16"}],"collection":[{"href":"https:\/\/ideecon.com\/community\/wp-json\/wp\/v2\/pages"}],"about":[{"href":"https:\/\/ideecon.com\/community\/wp-json\/wp\/v2\/types\/page"}],"author":[{"embeddable":true,"href":"https:\/\/ideecon.com\/community\/wp-json\/wp\/v2\/users\/1"}],"replies":[{"embeddable":true,"href":"https:\/\/ideecon.com\/community\/wp-json\/wp\/v2\/comments?post=16"}],"version-history":[{"count":1,"href":"https:\/\/ideecon.com\/community\/wp-json\/wp\/v2\/pages\/16\/revisions"}],"predecessor-version":[{"id":14956,"href":"https:\/\/ideecon.com\/community\/wp-json\/wp\/v2\/pages\/16\/revisions\/14956"}],"wp:attachment":[{"href":"https:\/\/ideecon.com\/community\/wp-json\/wp\/v2\/media?parent=16"}],"curies":[{"name":"wp","href":"https:\/\/api.w.org\/{rel}","templated":true}]}}